{"id":3479,"date":"2023-07-25T19:19:13","date_gmt":"2023-07-25T17:19:13","guid":{"rendered":"https:\/\/potatopoland.com\/old-site-temp\/?page_id=3479"},"modified":"2023-07-25T19:37:09","modified_gmt":"2023-07-25T17:37:09","slug":"rejestracja-wystawcow-udzial-w-targach","status":"publish","type":"page","link":"https:\/\/potatopoland.com\/old-site-temp\/rejestracja-wystawcow-udzial-w-targach\/","title":{"rendered":"Rejestracja Wystawc\u00f3w &#8211; Udzia\u0142 w Targach"},"content":{"rendered":"<div class=\"fusion-fullwidth fullwidth-box fusion-builder-row-1 fusion-parallax-none nonhundred-percent-fullwidth non-hundred-percent-height-scrolling lazyload\" style=\"background-color: rgba(255,255,255,0);background-position: center top;background-repeat: no-repeat;padding-top:20px;padding-right:0px;padding-bottom:20px;padding-left:0px;margin-bottom: 0px;margin-top: 0px;border-width: 0px 0px 0px 0px;border-color:#eae9e9;border-style:solid;-webkit-background-size:cover;-moz-background-size:cover;-o-background-size:cover;background-size:cover;\" data-bg=\"https:\/\/potatopoland.com\/old-site-temp\/wp-content\/uploads\/2019\/10\/bgb.jpg\" ><div class=\"fusion-builder-row fusion-row\"><div class=\"fusion-layout-column fusion_builder_column fusion-builder-column-0 fusion_builder_column_1_1 1_1 fusion-one-full fusion-column-first fusion-column-last\" style=\"margin-top:0px;margin-bottom:20px;\"><div class=\"fusion-column-wrapper fusion-flex-column-wrapper-legacy\" style=\"background-position:left top;background-repeat:no-repeat;-webkit-background-size:cover;-moz-background-size:cover;-o-background-size:cover;background-size:cover;padding: 50px 0px 0px 0px;\"><div class=\"fusion-text fusion-text-1\"><p style=\"text-align: center;\">W celu rejestracji <strong>pobierz kwestionariusz zg\u0142oszeniowy<\/strong>, wype\u0142nij i za\u0142\u0105cz plik w formularzu poni\u017cej.<\/p>\n<\/div><div class=\"fusion-aligncenter\"><style type=\"text\/css\">.fusion-button.button-1 {border-radius:10px;}<\/style><a class=\"fusion-button button-flat button-xlarge button-default button-1 fusion-button-default-span fusion-button-default-type\" target=\"_blank\" rel=\"noopener noreferrer\" href=\"https:\/\/potatopoland.com\/wp-content\/uploads\/2023\/07\/Kwestionariusz-zgloszeniowy-Potato-Poland-2023.xlsx\"><i class=\"fa-file-excel far button-icon-left\" aria-hidden=\"true\"><\/i><span class=\"fusion-button-text\">Pobierz formularz<\/span><\/a><\/div><div class=\"fusion-clearfix\"><\/div><\/div><\/div><div class=\"fusion-layout-column fusion_builder_column fusion-builder-column-1 fusion_builder_column_1_4 1_4 fusion-one-fourth fusion-column-first\" style=\"width:25%;width:calc(25% - ( ( 4% + 4% ) * 0.25 ) );margin-right: 4%;margin-top:0px;margin-bottom:20px;\"><div class=\"fusion-column-wrapper fusion-flex-column-wrapper-legacy\" style=\"background-position:left top;background-repeat:no-repeat;-webkit-background-size:cover;-moz-background-size:cover;-o-background-size:cover;background-size:cover;padding: 0px 0px 0px 0px;\"><div class=\"fusion-clearfix\"><\/div><\/div><\/div><div class=\"fusion-layout-column fusion_builder_column fusion-builder-column-2 fusion_builder_column_1_2 1_2 fusion-one-half\" style=\"width:50%;width:calc(50% - ( ( 4% + 4% ) * 0.5 ) );margin-right: 4%;margin-top:0px;margin-bottom:20px;\"><div class=\"fusion-column-wrapper fusion-flex-column-wrapper-legacy\" style=\"background-position:left top;background-repeat:no-repeat;-webkit-background-size:cover;-moz-background-size:cover;-o-background-size:cover;background-size:cover;padding: 0px 0px 0px 0px;\"><div class=\"fusion-sep-clear\"><\/div><div class=\"fusion-separator fusion-full-width-sep\" style=\"margin-left: auto;margin-right: auto;margin-top:10px;margin-bottom:10px;width:100%;\"><\/div><div class=\"fusion-sep-clear\"><\/div><style type=\"text\/css\">#nex-forms{display:none;}<\/style>\r\n\t\t\r\n\t\t<style type=\"text\/css\">\r\n\t\t\r\n\t\t\t#nex-forms.rejestracja_2023 .nf-loader-lds-spinner div:after {background: #40C4FF; }\r\n\t\t\t#nex-forms.rejestracja_2023 .nf-loader-lds-grid div {background: #40C4FF; }\r\n\t\t\t#nex-forms.rejestracja_2023 .nf-loader-lds-ellipsis div { background: #40C4FF;}\r\n\t\t\t#nex-forms.rejestracja_2023 .nf-loader-lds-default div {background: #40C4FF;}\r\n\t\t\t#nex-forms.rejestracja_2023 .nf-loader-lds-roller div:after {background: #40C4FF;}\r\n\t\t\t#nex-forms.rejestracja_2023 .nf-loader-lds-heart div,\r\n\t\t\t#nex-forms.rejestracja_2023 .nf-loader-lds-heart div:after,\r\n\t\t\t#nex-forms.rejestracja_2023 .nf-loader-lds-heart div:before {background: #40C4FF;}\r\n\r\n\t\t\t\r\n\t\t\t#nex-forms.rejestracja_2023 .nf-loader-lds-facebook div {background: #40C4FF;}\r\n\t\t\t#nex-forms.rejestracja_2023 .nf-loader-lds-circle > div {background: #40C4FF;}\r\n\t\t\t\r\n\t\t\t#nex-forms.rejestracja_2023 .nf-loader-lds-dual-ring:after {border: 6px solid #40C4FF;border-color: #40C4FF transparent #40C4FF transparent;}\r\n\t\t\t#nex-forms.rejestracja_2023 .nf-loader-lds-ring div {border: 8px solid #40C4FF;border-color: #40C4FF transparent transparent transparent;}\r\n\t\t\t#nex-forms.rejestracja_2023 .nf-loader-lds-hourglass:after {border: 32px solid #40C4FF;border-color: #40C4FF transparent #40C4FF transparent;}\r\n\t\t\t#nex-forms.rejestracja_2023 .nf-loader-lds-ripple div {border: 4px solid #40C4FF;}\r\n\t\t<\/style>\r\n\t\t\r\n\t\t\r\n\t\t<div id=\"nex-forms\" data-loader=\"ellipsis\"data-msg-hide-form=\"yes\" data-msg-position=\"top\" data-msg-placement=\"outside\"  class=\"nex-forms rejestracja_2023  \"><div class=\"pre_fill_fields\"><\/div><div class=\"set_form_theme theme-default\"><div class=\"nex_success_message msg_top msgv2 animated\" style=\"display:none;\"><div class=\"nex_success_message_container\" style=\"background: #fff; box-shadow: rgba(0, 0, 0, 0.2) 0px 7px 16px 0px; border-radius: 4px; padding: 30px; border-color:#ddd;\"><div class=\"msg_text\"><div class=\"form_field all_fields icon html_fields wow bounceInUp\" data-settings=\".s-icon\" data-settings-tabs=\"#input-settings, #animation-settings\" style=\"margin-bottom: 15px;\" id=\"_21501\" data-animation-name=\"bounceInUp\">\n\t\t\t\t\t\t\t  <div class=\"edit_mask\"><\/div>\n\t\t\t\t\t\t\t  \n\t\t\t\t\t\t\t\t<div class=\"icon_container_wrapper icon_center\">\n\t\t\t\t\t\t\t\t  <div class=\"icon_container\" id=\"field_container\" style=\"border-width: 0px; background-color: transparent;\">\n\t\t\t\t\t\t\t\t\t<div class=\"\">\n\t\t\t\t\t\t\t\t\t  <div class=\"input_container\">\n\t\t\t\t\t\t\t\t\t\t<div class=\"the_input_element icon_element\" style=\"font-size: 50px; color: rgb(139, 195, 74);\"><span class=\"fas fa-check-circle\"><\/span><\/div>\n\t\t\t\t\t\t\t\t\t  <\/div>\n\t\t\t\t\t\t\t\t\t<\/div>\n\t\t\t\t\t\t\t\t  <\/div>\n\t\t\t\t\t\t\t\t  \n\t\t\t\t\t\t\t\t<\/div>\n\t\t\t\t\t\t\t  \n\t\t\t\t\t\t\t<\/div>\n\t\t\t\t\t\t\t<div class=\"form_field all_fields html html_fields wow fadeInDown\" data-settings=\".s-html\" data-settings-tabs=\"#input-settings, #animation-settings, #extra-settings, #math-settings\" style=\"margin-bottom: 15px;\" data-animation-name=\"fadeInDown\" data-wow-delay=\"0.5s\">\n\t\t\t\t\t\t\t  <div class=\"edit_mask\"><\/div>\n\t\t\t\t\t\t\t  \n\t\t\t\t\t\t\t\t<div class=\"row\">\n\t\t\t\t\t\t\t\t  <div class=\"col-sm-12\" id=\"field_container\">\n\t\t\t\t\t\t\t\t\t<div class=\"row\">\n\t\t\t\t\t\t\t\t\t  <div class=\"col-sm-12 input_container\">\n\t\t\t\t\t\t\t\t\t\t<div class=\"the_input_element align_center\" data-math-equation=\"\" data-original-math-equation=\"\" data-decimal-places=\"0\">Dzi\u0119kujemy za skontaktowanie si\u0119 z nami. Odpowiemy wkr\u00f3tce.<\/div>\n\t\t\t\t\t\t\t\t\t\t<div style=\"clear:both;\"><\/div>\n\t\t\t\t\t\t\t\t\t  <\/div>\n\t\t\t\t\t\t\t\t\t<\/div>\n\t\t\t\t\t\t\t\t  <\/div>\n\t\t\t\t\t\t\t\t  \n\t\t\t\t\t\t\t\t<\/div>\n\t\t\t\t\t\t\t  \n\t\t\t\t\t\t\t<\/div><\/div><\/div><\/div><div data-timer-start=\"1\" data-timer-end=\"0\" class=\"inner-canvas-container ui-nex-forms-container  bootstrap\" id=\"ui-nex-forms-container\"  ><div class=\"current_step\" style=\"display:none;\">1<\/div><div class=\"last_visited_step\" style=\"display:none;\">1<\/div><div id=\"the_plugin_url\" style=\"display:none;\">https:\/\/potatopoland.com\/old-site-temp\/wp-content\/plugins\/nex-forms<\/div><div id=\"nf_save_form_progress\" style=\"display:none;\">false<\/div><div id=\"confirmation_page\" class=\"confirmation_page\" style=\"display:none;\"><\/div><div id=\"on_form_submmision\" class=\"on_form_submmision\" style=\"display:none;\">message<\/div><div class=\"hidden\" id=\"nf_ajax_url\" style=\"display:none;\">https:\/\/potatopoland.com\/old-site-temp\/wp-admin\/admin-ajax.php<\/div><div class=\"hidden\" id=\"paypal_return_url\" style=\"display:none;\">https:\/\/potatopoland.com\/old-site-temp\/wp-json\/wp\/v2\/pages\/3479<\/div><div class=\"hidden\" id=\"ms_scroll_to_top\" style=\"display:none;\">yes<\/div><div class=\"v7_container form_type_normal   \" style=\"border-color: rgb(21, 55, 100);\"><div class=\"current_field_on_focus\" style=\"display:none\">1<\/div><form id=\"nf_form_91959\" class=\"submit-nex-form\" name=\"nex_form\" action=\"https:\/\/potatopoland.com\/old-site-temp\/wp-admin\/admin-ajax.php\" method=\"post\" enctype=\"multipart\/form-data\"><div class=\"step_transition_in\" style=\"display:none;\">fadeIn<\/div><div class=\"step_transition_out\" style=\"display:none;\">fadeOut<\/div><input type=\"hidden\" name=\"nex_forms_Id\" value=\"11\"><input type=\"hidden\" name=\"page\" value=\"\/old-site-temp\/wp-json\/wp\/v2\/pages\/3479\"><input type=\"hidden\" name=\"ip\" value=\"\"><input type=\"hidden\" name=\"nf_page_id\" value=\"3479\"><input type=\"hidden\" name=\"nf_page_title\" value=\"Rejestracja Wystawc\u00f3w &#8211; Udzia\u0142 w Targach\"><input type=\"text\" name=\"company_url\" value=\"\" placeholder=\"enter company url\" class=\"form-control req\">\n\t\t\t\t\t\t\t<div class=\"form_field hidden bootstrap_field\" id=\"_55502\" style=\"\">\n\t\t\t\t\t\t\t\t<input class=\"ms_current_step\" value=\"1\" name=\"ms_current_step\" type=\"hidden\">\n\t\t\t\t\t\t\t<\/div>\n\t\t\t\t\t\t\t<div class=\"form_field all_fields name preset_fields bootstrap_field has_prefix_icon\" data-settings=\".s-text, .s-v-text\" id=\"_62057\" data-settings-tabs=\"#label-settings, #input-settings, #validation-settings, #animation-settings, #extra-settings\"><div class=\"row\"><div class=\"col-sm-12\" id=\"field_container\"><div class=\"row\"><div class=\"label_container align_let col-sm-12\" style=\"display: block;\"><label class=\"nf_title \"><span class=\"the_label style_bold\" style=\"color: rgb(51, 51, 51);\">Imi\u0119 Nazwisko \/ Nazwa firmy:<\/span><\/label><\/div><div class=\"col-sm-12  input_container\"><div class=\"input-group\"><span class=\"input-group-addon prefix\" style=\"color: rgb(43, 220, 121);\"><span class=\"fa fa-user\"><\/span><\/span><input type=\"text\" name=\"imi\u0119_nazwisko__nazwa_firmy:\" class=\"error_message  the_input_element  aling_left form-control\" data-onfocus-color=\"#66AFE9\" data-drop-focus-swadow=\"1\" data-placement=\"bottom\" data-content=\"\" title=\"\" data-secondary-message=\"\" style=\"color: rgb(51, 51, 51);\" data-math-equation=\"\" data-original-math-equation=\"\"><\/div><\/div><\/div><\/div><\/div><\/div><div class=\"form_field all_fields email email preset_fields required bootstrap_field has_prefix_icon\" data-settings=\".s-text, .s-v-text\" id=\"_76858\" data-settings-tabs=\"#label-settings, #input-settings, #validation-settings, #animation-settings, #extra-settings\" style=\"position: relative; top: 0px;\"><div class=\"row\"><div class=\"col-sm-12\" id=\"field_container\"><div class=\"row\"><div class=\"label_container align_let col-sm-12\" style=\"display: block;\"><label class=\"nf_title \"><span class=\"the_label style_bold\" style=\"color: rgb(51, 51, 51);\">*E-mail:<\/span><\/label><\/div><div class=\"col-sm-12  input_container\"><div class=\"input-group\"><span class=\"input-group-addon prefix\" style=\"color: rgb(43, 220, 121);\"><span class=\"fa fa-envelope\"><\/span><\/span><input type=\"text\" name=\"e-mail:\" class=\"error_message required email the_input_element  aling_left form-control\" data-onfocus-color=\"#66AFE9\" data-drop-focus-swadow=\"1\" data-placement=\"bottom\" data-content=\"Wymagane\" title=\"\" data-secondary-message=\"Invalid email address\" style=\"color: rgb(51, 51, 51);\"><\/div><\/div><\/div><\/div><\/div><\/div><div class=\"form_field all_fields phone_number phone_number preset_fields required bootstrap_field has_prefix_icon\" data-settings=\".s-text, .s-v-text\" id=\"_36128\" data-settings-tabs=\"#label-settings, #input-settings, #validation-settings, #animation-settings, #extra-settings\"><div class=\"row\"><div class=\"col-sm-12\" id=\"field_container\"><div class=\"row\"><div class=\"label_container align_let col-sm-12 align_left\" style=\"display: block;\"><label class=\"nf_title \"><span class=\"the_label style_bold align_left\" style=\"color: rgb(51, 51, 51);\">*Telefon:<\/span><\/label><\/div><div class=\"col-sm-12  input_container\"><div class=\"input-group\"><span class=\"input-group-addon prefix\" style=\"color: rgb(43, 220, 121);\"><span class=\"fa fa-phone\"><\/span><\/span><input type=\"text\" name=\"telefon:\" class=\"error_message required phone_number the_input_element  aling_left form-control\" data-onfocus-color=\"#66AFE9\" data-drop-focus-swadow=\"1\" data-placement=\"bottom\" data-content=\"Wymagane\" title=\"\" data-secondary-message=\"Invalid phone number\" style=\"color: rgb(21, 55, 100);\"><\/div><\/div><\/div><\/div><\/div><\/div><div class=\"form_field all_fields upload-single upload_fields has_postfix_icon\" data-settings=\".s-upload-file, .s-text\" id=\"_10391\" style=\"position: relative; left: 0px; top: 0px;\" data-settings-tabs=\"#label-settings, #input-settings, #validation-settings, #animation-settings, #extra-settings\"><div class=\"row\"><div class=\"col-sm-12\" id=\"field_container\"><div class=\"row\"><div class=\"col-sm-12  label_container align_let\"><label class=\"nf_title \"><span class=\"the_label style_bold\" style=\"color: rgb(51, 51, 51);\">Za\u0142\u0105cz pobrany i wype\u0142niony kwestionariusz zg\u0142oszeniowy:<\/span><\/label><\/div><div class=\"col-sm-12  input_container\"><div class=\"fileinput fileinput-new\" data-provides=\"fileinput\">\n\t\t\t\t\t\t\t\t\t\t\t\t\t\t\t\t\t\t\t  <div class=\"input-group\">\n\t\t\t\t\t\t\t\t\t\t\t\t\t\t\t\t\t\t\t\t<div class=\"the_input_element form-control  aling_left uneditable-input span3 error_message\" data-content=\"Wymagane\" data-secondary-message=\"Nieprawid\u0142owe rozszerzenie pliku\" data-placement=\"bottom\" data-trigger=\"fileinput\" name=\"plik\" style=\"color: rgb(51, 51, 51);\"><i class=\"glyphicon glyphicon-file fileinput-exists\"><\/i> <span class=\"fileinput-filename\"><\/span><\/div>\n\t\t\t\t\t\t\t\t\t\t\t\t\t\t\t\t\t\t\t\t<span class=\"input-group-addon btn-default btn-file postfix\" style=\"color: rgb(43, 220, 121);\"><span class=\"fa fa-cloud-upload\"><\/span><input type=\"file\" name=\"plik\" class=\"the_input_element\" style=\"color: rgb(51, 51, 51);\"><\/span>\n\t\t\t\t\t\t\t\t\t\t\t\t\t\t\t\t\t\t\t\t<a href=\"#\" class=\"input-group-addon btn btn-default fileinput-exists\" data-dismiss=\"fileinput\"><span class=\"fa fa-close\"><\/span><\/a>\n\t\t\t\t\t\t\t\t\t\t\t\t\t\t\t\t\t\t\t\t<div class=\"get_file_ext\" style=\"display:none;\">pdf\nxls\nxlsx<\/div>\n\t\t\t\t\t\t\t\t\t\t\t\t\t\t\t\t\t\t\t  <\/div>\n\t\t\t\t\t\t\t\t\t\t\t\t\t\t\t\t\t\t\t<\/div><\/div><\/div><\/div><\/div><\/div><div class=\"form_field all_fields radio-group common_fields selection_fields required\" data-settings=\".s-radios\" id=\"_47932\" data-settings-tabs=\"#label-settings, #input-settings, #validation-settings, #animation-settings, #extra-settings\"><div class=\"row\"><div class=\"col-sm-12\" id=\"field_container\"><div class=\"row\"><div class=\"input_holder radio-group no-pre-suffix\"><div class=\"label_container align_let col-sm-12\" style=\"display: block;\"><label class=\"nf_title text-sm\"><span class=\"the_label style_bold\" style=\"color: rgb(51, 51, 51);\">*Zgodnie z polityk\u0105 prywatno\u015bci wysy\u0142aj\u0105c formularz wyra\u017casz zgod\u0119 na przetwarzanie Twoich danych osobowych tj. (adres e-mail, opcjonalnie imi\u0119 i nazwisko, numer telefonu) w celu otrzymania informacji zwrotnej<\/span><\/label><\/div><div class=\"the-radios input_container error_message col-sm-12\" id=\"the-radios\" data-checked-color=\"\" data-checked-class=\"fa-check\" data-unchecked-class=\"\" data-placement=\"bottom\" data-content=\"Wymagane\" title=\"\"><label class=\"radio-inline text-sm\" for=\"zgodnie_z_polityk\u0105_prywatno\u015bci_wysy\u0142aj\u0105c_formularz_wyra\u017casz_zgod\u0119_na_przetwarzanie_twoich_danych_osobowych_tj_adres_e-mail_opcjonalnie_imi\u0119_i_nazwisko_numer_telefonu_w_celu_otrzymania_informacji_zwrotnej_zgadzam_si\u0119_zgadzam_si\u0119\"><span class=\"has-pretty-child\"><div class=\"clearfix prettyradio labelright blue has-pretty-child\"><input class=\"radio the_input_element required\" type=\"radio\" name=\"zgodnie_z_polityk\u0105_prywatno\u015bci_wysy\u0142aj\u0105c_formularz_wyra\u017casz_zgod\u0119_na_przetwarzanie_twoich_danych_osobowych_tj_adres_e-mail_opcjonalnie_imi\u0119_i_nazwisko_numer_telefonu_w_celu_otrzymania_informacji_zwrotnej\" id=\"zgodnie_z_polityk\u0105_prywatno\u015bci_wysy\u0142aj\u0105c_formularz_wyra\u017casz_zgod\u0119_na_przetwarzanie_twoich_danych_osobowych_tj_adres_e-mail_opcjonalnie_imi\u0119_i_nazwisko_numer_telefonu_w_celu_otrzymania_informacji_zwrotnej_zgadzam_si\u0119_zgadzam_si\u0119\" value=\"Zgadzam si\u0119\" style=\"display: none;\"><a class=\"fa ui-state-default\"><\/a><\/div><span class=\"input-label radio-label\">Zgadzam si\u0119<\/span><\/span><\/label><\/div><\/div><\/div><\/div><\/div><\/div><div class=\"form_field all_fields submit-button the_submit button_fields common_fields preset_fields special_fields selection_fields\" id=\"_47773\" style=\"position: relative; left: 0px; top: 0px;\" data-settings-tabs=\"#input-settings, #animation-settings, #extra-settings\" data-settings=\".s-submit\"><div class=\"row\"><div class=\"col-sm-12\" id=\"field_container\"><div class=\"row\"><div class=\"col-sm-12 input_container\"><button class=\"nex-submit svg_ready the_input_element btn btn-default\" data-ga=\"\" style=\"color: rgb(255, 255, 255); background-color: rgb(43, 220, 121); border-color: rgba(204, 204, 204, 0); font-size: 16px; border-width: 3px;\">WY\u015aLIJ<\/button><\/div><\/div><\/div><\/div><\/div><div style=\"clear:both;\"><\/div><\/form><\/div><\/div><\/div><\/div><style type=\"text\/css\" class=\"nex-forms-custom-css\"><\/style><div class=\"fusion-sep-clear\"><\/div><div class=\"fusion-separator fusion-full-width-sep\" style=\"margin-left: auto;margin-right: auto;margin-top:10px;margin-bottom:10px;width:100%;\"><\/div><div class=\"fusion-sep-clear\"><\/div><div class=\"fusion-clearfix\"><\/div><\/div><\/div><div class=\"fusion-layout-column fusion_builder_column fusion-builder-column-3 fusion_builder_column_1_4 1_4 fusion-one-fourth fusion-column-last\" style=\"width:25%;width:calc(25% - ( ( 4% + 4% ) * 0.25 ) );margin-top:0px;margin-bottom:20px;\"><div class=\"fusion-column-wrapper fusion-flex-column-wrapper-legacy\" style=\"background-position:left top;background-repeat:no-repeat;-webkit-background-size:cover;-moz-background-size:cover;-o-background-size:cover;background-size:cover;padding: 0px 0px 0px 0px;\"><div class=\"fusion-clearfix\"><\/div><\/div><\/div><\/div><\/div>\n","protected":false},"excerpt":{"rendered":"","protected":false},"author":4,"featured_media":0,"parent":0,"menu_order":0,"comment_status":"closed","ping_status":"closed","template":"100-width.php","meta":[],"_links":{"self":[{"href":"https:\/\/potatopoland.com\/old-site-temp\/wp-json\/wp\/v2\/pages\/3479"}],"collection":[{"href":"https:\/\/potatopoland.com\/old-site-temp\/wp-json\/wp\/v2\/pages"}],"about":[{"href":"https:\/\/potatopoland.com\/old-site-temp\/wp-json\/wp\/v2\/types\/page"}],"author":[{"embeddable":true,"href":"https:\/\/potatopoland.com\/old-site-temp\/wp-json\/wp\/v2\/users\/4"}],"replies":[{"embeddable":true,"href":"https:\/\/potatopoland.com\/old-site-temp\/wp-json\/wp\/v2\/comments?post=3479"}],"version-history":[{"count":3,"href":"https:\/\/potatopoland.com\/old-site-temp\/wp-json\/wp\/v2\/pages\/3479\/revisions"}],"predecessor-version":[{"id":3483,"href":"https:\/\/potatopoland.com\/old-site-temp\/wp-json\/wp\/v2\/pages\/3479\/revisions\/3483"}],"wp:attachment":[{"href":"https:\/\/potatopoland.com\/old-site-temp\/wp-json\/wp\/v2\/media?parent=3479"}],"curies":[{"name":"wp","href":"https:\/\/api.w.org\/{rel}","templated":true}]}}